{"id":1076,"date":"2025-11-16T12:04:37","date_gmt":"2025-11-16T12:04:37","guid":{"rendered":"https:\/\/podologie-phoenix.de\/?page_id=1076"},"modified":"2025-11-16T12:05:02","modified_gmt":"2025-11-16T12:05:02","slug":"richtiges-schneiden-der-naegel","status":"publish","type":"page","link":"https:\/\/podologie-phoenix.de\/en\/richtiges-schneiden-der-naegel\/","title":{"rendered":"richtiges Schneiden der N\u00e4gel"},"content":{"rendered":"<div data-elementor-type=\"wp-page\" data-elementor-id=\"1076\" class=\"elementor elementor-1076\">\n\t\t\t\t<div class=\"elementor-element elementor-element-0d51fd5 e-flex e-con-boxed e-con e-parent\" data-id=\"0d51fd5\" data-element_type=\"container\" data-e-type=\"container\" data-settings=\"{&quot;background_background&quot;:&quot;classic&quot;}\">\n\t\t\t\t\t<div class=\"e-con-inner\">\n\t\t\t\t<div class=\"elementor-element elementor-element-85e8377 elementor-widget elementor-widget-heading\" data-id=\"85e8377\" data-element_type=\"widget\" data-e-type=\"widget\" data-widget_type=\"heading.default\">\n\t\t\t\t<div class=\"elementor-widget-container\">\n\t\t\t\t\t<h1 class=\"elementor-heading-title elementor-size-default\">richtiges Schneiden der N\u00e4gel\n<\/h1>\t\t\t\t<\/div>\n\t\t\t\t<\/div>\n\t\t\t\t<div class=\"elementor-element elementor-element-81c3542 elementor-widget elementor-widget-text-editor\" data-id=\"81c3542\" data-element_type=\"widget\" data-e-type=\"widget\" data-widget_type=\"text-editor.default\">\n\t\t\t\t<div class=\"elementor-widget-container\">\n\t\t\t\t\t\t\t\t\t<h2 class=\"elementor-heading-title elementor-size-default\">Oft entstehen Probleme zwischen Nagel und Nagelbett aufgrund von falschem N\u00e4gelschneiden, meist zu kurz oder unregelm\u00e4\u00dfig. Wir schneiden Ihre N\u00e4gel fachgerecht und geben Ihnen Tipps, um zuk\u00fcnftige Probleme zu vermeiden.<\/h2>\t\t\t\t\t\t\t\t<\/div>\n\t\t\t\t<\/div>\n\t\t\t\t<div class=\"elementor-element elementor-element-f648f95 elementor-button-success elementor-widget elementor-widget-button\" data-id=\"f648f95\" data-element_type=\"widget\" data-e-type=\"widget\" data-widget_type=\"button.default\">\n\t\t\t\t<div class=\"elementor-widget-container\">\n\t\t\t\t\t\t\t\t\t<div class=\"elementor-button-wrapper\">\n\t\t\t\t\t<a class=\"elementor-button elementor-button-link elementor-size-sm\" href=\"https:\/\/podologie-phoenix.de\/en\/termin\/\">\n\t\t\t\t\t\t<span class=\"elementor-button-content-wrapper\">\n\t\t\t\t\t\t\t\t\t<span class=\"elementor-button-text\">TERMIN<\/span>\n\t\t\t\t\t<\/span>\n\t\t\t\t\t<\/a>\n\t\t\t\t<\/div>\n\t\t\t\t\t\t\t\t<\/div>\n\t\t\t\t<\/div>\n\t\t\t\t\t<\/div>\n\t\t\t\t<\/div>\n\t\t\t\t<\/div>","protected":false},"excerpt":{"rendered":"<p>richtiges Schneiden der N\u00e4gel Oft entstehen Probleme zwischen Nagel und Nagelbett aufgrund von falschem N\u00e4gelschneiden, meist zu kurz oder unregelm\u00e4\u00dfig. Wir schneiden Ihre N\u00e4gel fachgerecht und geben Ihnen Tipps, um zuk\u00fcnftige Probleme zu vermeiden. TERMIN<\/p>","protected":false},"author":1,"featured_media":0,"parent":0,"menu_order":0,"comment_status":"closed","ping_status":"closed","template":"","meta":{"footnotes":""},"class_list":["post-1076","page","type-page","status-publish","hentry"],"_links":{"self":[{"href":"https:\/\/podologie-phoenix.de\/en\/wp-json\/wp\/v2\/pages\/1076","targetHints":{"allow":["GET"]}}],"collection":[{"href":"https:\/\/podologie-phoenix.de\/en\/wp-json\/wp\/v2\/pages"}],"about":[{"href":"https:\/\/podologie-phoenix.de\/en\/wp-json\/wp\/v2\/types\/page"}],"author":[{"embeddable":true,"href":"https:\/\/podologie-phoenix.de\/en\/wp-json\/wp\/v2\/users\/1"}],"replies":[{"embeddable":true,"href":"https:\/\/podologie-phoenix.de\/en\/wp-json\/wp\/v2\/comments?post=1076"}],"version-history":[{"count":4,"href":"https:\/\/podologie-phoenix.de\/en\/wp-json\/wp\/v2\/pages\/1076\/revisions"}],"predecessor-version":[{"id":1080,"href":"https:\/\/podologie-phoenix.de\/en\/wp-json\/wp\/v2\/pages\/1076\/revisions\/1080"}],"wp:attachment":[{"href":"https:\/\/podologie-phoenix.de\/en\/wp-json\/wp\/v2\/media?parent=1076"}],"curies":[{"name":"wp","href":"https:\/\/api.w.org\/{rel}","templated":true}]}}