{"id":188,"date":"2024-12-24T20:25:52","date_gmt":"2024-12-24T20:25:52","guid":{"rendered":"https:\/\/podologie-phoenix.de\/?page_id=188"},"modified":"2025-11-16T11:02:19","modified_gmt":"2025-11-16T11:02:19","slug":"datenschutz","status":"publish","type":"page","link":"https:\/\/podologie-phoenix.de\/en\/datenschutz\/","title":{"rendered":"Datenschutz"},"content":{"rendered":"<div data-elementor-type=\"wp-page\" data-elementor-id=\"188\" class=\"elementor elementor-188\">\n\t\t\t\t<div class=\"elementor-element elementor-element-14c600fd e-flex e-con-boxed e-con e-parent\" data-id=\"14c600fd\" data-element_type=\"container\" data-e-type=\"container\">\n\t\t\t\t\t<div class=\"e-con-inner\">\n\t\t\t\t<div class=\"elementor-element elementor-element-6a346314 elementor-widget elementor-widget-text-editor\" data-id=\"6a346314\" data-element_type=\"widget\" data-e-type=\"widget\" data-widget_type=\"text-editor.default\">\n\t\t\t\t<div class=\"elementor-widget-container\">\n\t\t\t\t\t\t\t\t\t<section id=\"datenschutz\">\n  <h1>Datenschutzerkl\u00e4rung<\/h1>\n\n  <h2>1. Allgemeine Hinweise<\/h2>\n  <p>\n    Die nachfolgende Datenschutzerkl\u00e4rung gilt f\u00fcr die Nutzung der Webseite \n    <a href=\"https:\/\/podologie-phoenix.de\/en\/\" target=\"_blank\" rel=\"noopener noreferrer\">www.podologie-phoenix.de<\/a> \n    (nachfolgend &#8222;Webseite&#8220;). Die Webseite wird betrieben von:\n  <\/p>\n\n  <p>\n    <strong>Podologie Phoenix<\/strong><br>\n    Rosengasse 16-22<br>\n    35305 Gr\u00fcnberg<br>\n    Kropbacher Weg 20<br>\n    35398 Gie\u00dfen\n  <\/p>\n  <p>\n    E-Mail: <a href=\"mailto:info@podologie-phoenix.de\">info@podologie-phoenix.de<\/a><br>\n    Telefon: <a href=\"tel:+4917655208004\">0049 176 55208004<\/a>\n  <\/p>\n  <p>\n    Der Schutz Ihrer pers\u00f6nlichen Daten ist uns ein wichtiges Anliegen. Nachfolgend informieren wir Sie ausf\u00fchrlich \u00fcber den Umgang mit Ihren Daten.\n  <\/p>\n\n  <h2>2. Verantwortlicher<\/h2>\n  <p>\n    Verantwortlicher f\u00fcr die Erhebung, Verarbeitung und Nutzung Ihrer personenbezogenen Daten im Sinne der Datenschutz-Grundverordnung (DSGVO) ist:\n  <\/p>\n  <p>\n    <strong>Podologie Phoenix<\/strong><br>\n    Rosengasse 16-22<br>\n    35305 Gr\u00fcnberg<br>\n    Kropbacher Weg 20<br>\n    35398 Gie\u00dfen\n  <\/p>\n  <p>\n    E-Mail: <a href=\"mailto:info@podologie-phoenix.de\">info@podologie-phoenix.de<\/a><br>\n    Telefon: <a href=\"tel:+4917655208004\">0049 176 55208004<\/a>\n  <\/p>\n\n  <h2>3. Erhebung und Verarbeitung personenbezogener Daten<\/h2>\n  <p>\n    Wir erheben und verarbeiten personenbezogene Daten nur, soweit Sie uns diese im Rahmen der Nutzung unserer Webseite freiwillig zur Verf\u00fcgung stellen.\n    Die Verarbeitung Ihrer Daten erfolgt aufgrund Ihrer Einwilligung (Art. 6 Abs. 1 lit. a DSGVO) oder zur Erf\u00fcllung eines Vertrags oder zur Durchf\u00fchrung\n    vorvertraglicher Ma\u00dfnahmen (Art. 6 Abs. 1 lit. b DSGVO), soweit dies erforderlich ist.\n  <\/p>\n\n  <h2>4. Kontaktformular<\/h2>\n  <p>\n    Wenn Sie uns \u00fcber das Kontaktformular Anfragen zukommen lassen, werden Ihre Angaben aus dem Anfrageformular inklusive der von Ihnen dort angegebenen \n    Kontaktdaten zwecks Bearbeitung der Anfrage und f\u00fcr den Fall von Anschlussfragen bei uns gespeichert. Diese Daten geben wir nicht ohne Ihre \n    Einwilligung weiter.\n  <\/p>\n\n  <h2>5. Server-Log-Dateien<\/h2>\n  <p>\n    Der Provider der Seiten erhebt und speichert automatisch Informationen in sogenannten Server-Log-Dateien, die Ihr Browser automatisch an uns \u00fcbermittelt.\n    Dies sind:\n  <\/p>\n  <ul>\n    <li>Browsertyp und Browserversion<\/li>\n    <li>verwendetes Betriebssystem<\/li>\n    <li>Referrer URL<\/li>\n    <li>Hostname des zugreifenden Rechners<\/li>\n    <li>Uhrzeit der Serveranfrage<\/li>\n    <li>IP-Adresse<\/li>\n  <\/ul>\n  <p>\n    Diese Daten sind nicht bestimmten Personen zuordenbar. Eine Zusammenf\u00fchrung dieser Daten mit anderen Datenquellen wird nicht vorgenommen.\n    Wir behalten uns vor, diese Daten nachtr\u00e4glich zu pr\u00fcfen, wenn uns konkrete Anhaltspunkte f\u00fcr eine rechtswidrige Nutzung bekannt werden.\n  <\/p>\n\n  <h2>6. Cookies<\/h2>\n  <p>\n    Unsere Webseite verwendet Cookies. Cookies sind kleine Textdateien, die auf Ihrem Rechner abgelegt werden und die Ihr Browser speichert.\n    Sie dienen dazu, unser Angebot nutzerfreundlicher, effektiver und sicherer zu machen.\n  <\/p>\n  <p>\n    Die meisten der von uns verwendeten Cookies sind sogenannte &#8222;Session-Cookies&#8220;. Sie werden nach Ende Ihres Besuchs automatisch gel\u00f6scht.\n    Andere Cookies bleiben auf Ihrem Endger\u00e4t gespeichert, bis Sie diese l\u00f6schen. Diese Cookies erm\u00f6glichen es uns, Ihren Browser beim n\u00e4chsten\n    Besuch wiederzuerkennen.\n  <\/p>\n\n  <h2>7. Ihre Rechte<\/h2>\n  <p>Sie haben hinsichtlich Ihrer personenbezogenen Daten insbesondere die folgenden Rechte:<\/p>\n  <ul>\n    <li>\n      <strong>Auskunft:<\/strong> Sie haben das Recht, Auskunft \u00fcber Ihre von uns verarbeiteten personenbezogenen Daten zu erhalten.\n    <\/li>\n    <li>\n      <strong>Berichtigung:<\/strong> Sie k\u00f6nnen die Berichtigung unrichtiger oder die Vervollst\u00e4ndigung Ihrer bei uns gespeicherten personenbezogenen Daten verlangen.\n    <\/li>\n    <li>\n      <strong>L\u00f6schung:<\/strong> Sie k\u00f6nnen die L\u00f6schung Ihrer personenbezogenen Daten verlangen, wenn einer der in Art. 17 DSGVO genannten Gr\u00fcnde vorliegt.\n    <\/li>\n    <li>\n      <strong>Einschr\u00e4nkung der Verarbeitung:<\/strong> Sie k\u00f6nnen die Einschr\u00e4nkung der Verarbeitung Ihrer personenbezogenen Daten verlangen,\n      wenn eine der in Art. 18 DSGVO genannten Voraussetzungen gegeben ist.\n    <\/li>\n    <li>\n      <strong>Daten\u00fcbertragbarkeit:<\/strong> Sie haben das Recht, Ihre personenbezogenen Daten, die Sie uns bereitgestellt haben, \n      in einem strukturierten, g\u00e4ngigen und maschinenlesbaren Format zu erhalten, und Sie k\u00f6nnen diese Daten an andere Stellen \u00fcbermitteln.\n    <\/li>\n  <\/ul>\n\n  <h2>8. Kontakt<\/h2>\n  <p>\n    F\u00fcr Fragen zum Datenschutz und zur Aus\u00fcbung Ihrer Rechte wenden Sie sich bitte an:\n  <\/p>\n  <p>\n    <strong>Podologie Phoenix<\/strong><br>\n    Rosengasse 16-22<br>\n    35305 Gr\u00fcnberg<br>\n    Kropbacher Weg 20<br>\n    35398 Gie\u00dfen\n  <\/p>\n  <p>\n    E-Mail: <a href=\"mailto:info@podologie-phoenix.de\">info@podologie-phoenix.de<\/a><br>\n    Telefon: <a href=\"tel:+4917655208004\">0049 176 55208004<\/a>\n  <\/p>\n\n  <h2>Urheberrecht<\/h2>\n  <p>\n    Die Inhalte und Werke auf dieser Webseite \n    <a href=\"https:\/\/podologie-phoenix.de\/en\/\" target=\"_blank\" rel=\"noopener noreferrer\">www.podologie-phoenix.de<\/a> \n    unterliegen dem deutschen Urheberrecht. Die Vervielf\u00e4ltigung, Bearbeitung, Verbreitung und jede Art der Verwertung au\u00dferhalb\n    der Grenzen des Urheberrechts bed\u00fcrfen der schriftlichen Zustimmung des jeweiligen Autors bzw. Erstellers.\n  <\/p>\n  <p>\n    Downloads und Kopien dieser Seite sind nur f\u00fcr den privaten, nicht kommerziellen Gebrauch gestattet. Soweit die Inhalte auf dieser Seite nicht vom Betreiber\n    erstellt wurden, werden die Urheberrechte Dritter beachtet. Insbesondere werden Inhalte Dritter als solche gekennzeichnet.\n  <\/p>\n  <p>\n    Sollten Sie trotzdem auf eine Urheberrechtsverletzung aufmerksam werden, bitten wir um einen entsprechenden Hinweis. \n    Bei Bekanntwerden von Rechtsverletzungen werden wir derartige Inhalte umgehend entfernen.\n  <\/p>\n<\/section>\n\t\t\t\t\t\t\t\t<\/div>\n\t\t\t\t<\/div>\n\t\t\t\t\t<\/div>\n\t\t\t\t<\/div>\n\t\t\t\t<\/div>","protected":false},"excerpt":{"rendered":"<p>Datenschutzerkl\u00e4rung 1. Allgemeine Hinweise Die nachfolgende Datenschutzerkl\u00e4rung gilt f\u00fcr die Nutzung der Webseite www.podologie-phoenix.de (nachfolgend &#8222;Webseite&#8220;). Die Webseite wird betrieben von: Podologie Phoenix Rosengasse 16-22 35305 Gr\u00fcnberg Kropbacher Weg 20 35398 Gie\u00dfen E-Mail: info@podologie-phoenix.de Telefon: 0049 176 55208004 Der Schutz Ihrer pers\u00f6nlichen Daten ist uns ein wichtiges Anliegen. Nachfolgend informieren wir Sie ausf\u00fchrlich \u00fcber den [&hellip;]<\/p>\n","protected":false},"author":1,"featured_media":181,"parent":0,"menu_order":0,"comment_status":"closed","ping_status":"closed","template":"elementor_header_footer","meta":{"footnotes":""},"class_list":["post-188","page","type-page","status-publish","has-post-thumbnail","hentry"],"_links":{"self":[{"href":"https:\/\/podologie-phoenix.de\/en\/wp-json\/wp\/v2\/pages\/188","targetHints":{"allow":["GET"]}}],"collection":[{"href":"https:\/\/podologie-phoenix.de\/en\/wp-json\/wp\/v2\/pages"}],"about":[{"href":"https:\/\/podologie-phoenix.de\/en\/wp-json\/wp\/v2\/types\/page"}],"author":[{"embeddable":true,"href":"https:\/\/podologie-phoenix.de\/en\/wp-json\/wp\/v2\/users\/1"}],"replies":[{"embeddable":true,"href":"https:\/\/podologie-phoenix.de\/en\/wp-json\/wp\/v2\/comments?post=188"}],"version-history":[{"count":10,"href":"https:\/\/podologie-phoenix.de\/en\/wp-json\/wp\/v2\/pages\/188\/revisions"}],"predecessor-version":[{"id":1009,"href":"https:\/\/podologie-phoenix.de\/en\/wp-json\/wp\/v2\/pages\/188\/revisions\/1009"}],"wp:featuredmedia":[{"embeddable":true,"href":"https:\/\/podologie-phoenix.de\/en\/wp-json\/wp\/v2\/media\/181"}],"wp:attachment":[{"href":"https:\/\/podologie-phoenix.de\/en\/wp-json\/wp\/v2\/media?parent=188"}],"curies":[{"name":"wp","href":"https:\/\/api.w.org\/{rel}","templated":true}]}}