{"id":25,"date":"2024-12-21T22:01:24","date_gmt":"2024-12-21T22:01:24","guid":{"rendered":"https:\/\/podologie-phoenix.de\/home\/"},"modified":"2025-11-18T11:41:56","modified_gmt":"2025-11-18T11:41:56","slug":"home","status":"publish","type":"page","link":"https:\/\/podologie-phoenix.de\/en\/","title":{"rendered":"Home"},"content":{"rendered":"<div data-elementor-type=\"wp-page\" data-elementor-id=\"25\" class=\"elementor elementor-25\">\n\t\t\t\t<div class=\"elementor-element elementor-element-a75e805 e-con-full e-flex e-con e-parent\" data-id=\"a75e805\" data-element_type=\"container\" data-e-type=\"container\" data-settings=\"{&quot;background_background&quot;:&quot;classic&quot;}\">\n\t\t<div class=\"elementor-element elementor-element-5454bfc e-flex e-con-boxed e-con e-child\" data-id=\"5454bfc\" data-element_type=\"container\" data-e-type=\"container\">\n\t\t\t\t\t<div class=\"e-con-inner\">\n\t\t\t\t<div class=\"elementor-element elementor-element-f134438 elementor-widget elementor-widget-heading\" data-id=\"f134438\" data-element_type=\"widget\" data-e-type=\"widget\" data-widget_type=\"heading.default\">\n\t\t\t\t<div class=\"elementor-widget-container\">\n\t\t\t\t\t<h2 class=\"elementor-heading-title elementor-size-default\">Phoenix Podologie \u2013 Podologische Praxis in Gr\u00fcnberg &amp; Gie\u00dfen<\/h2>\t\t\t\t<\/div>\n\t\t\t\t<\/div>\n\t\t\t\t\t<\/div>\n\t\t\t\t<\/div>\n\t\t<div class=\"elementor-element elementor-element-038072b e-grid e-con-boxed e-con e-child\" data-id=\"038072b\" data-element_type=\"container\" data-e-type=\"container\">\n\t\t\t\t\t<div class=\"e-con-inner\">\n\t\t\t\t<div class=\"elementor-element elementor-element-06ac9cc elementor-widget__width-initial elementor-widget elementor-widget-text-editor\" data-id=\"06ac9cc\" data-element_type=\"widget\" data-e-type=\"widget\" data-widget_type=\"text-editor.default\">\n\t\t\t\t<div class=\"elementor-widget-container\">\n\t\t\t\t\t\t\t\t\t<p>Rosengasse 16-22<br \/>35305 Gr\u00fcnberg<\/p>\t\t\t\t\t\t\t\t<\/div>\n\t\t\t\t<\/div>\n\t\t\t\t<div class=\"elementor-element elementor-element-4fdc24d elementor-widget__width-initial elementor-widget elementor-widget-text-editor\" data-id=\"4fdc24d\" data-element_type=\"widget\" data-e-type=\"widget\" data-widget_type=\"text-editor.default\">\n\t\t\t\t<div class=\"elementor-widget-container\">\n\t\t\t\t\t\t\t\t\t<p>Kropbacher Weg 20<br \/>35398 Gie\u00dfen<\/p>\t\t\t\t\t\t\t\t<\/div>\n\t\t\t\t<\/div>\n\t\t\t\t\t<\/div>\n\t\t\t\t<\/div>\n\t\t<div class=\"elementor-element elementor-element-a0e33bf e-flex e-con-boxed e-con e-child\" data-id=\"a0e33bf\" data-element_type=\"container\" data-e-type=\"container\">\n\t\t\t\t\t<div class=\"e-con-inner\">\n\t\t\t\t<div class=\"elementor-element elementor-element-9b4db32 elementor-widget elementor-widget-heading\" data-id=\"9b4db32\" data-element_type=\"widget\" data-e-type=\"widget\" data-widget_type=\"heading.default\">\n\t\t\t\t<div class=\"elementor-widget-container\">\n\t\t\t\t\t<h5 class=\"elementor-heading-title elementor-size-default\">Willkommen bei Phoenix Podologie \u2013 Ihrer Praxis f\u00fcr medizinische Fu\u00dfpflege in Gr\u00fcnberg und Gie\u00dfen. Wir behandeln eingewachsene und eingerollte N\u00e4gel, Hornhaut, H\u00fchneraugen, Nagelpilz und viele weitere Fu\u00dfprobleme<br> <span style=\"color: #289b1b\">zugelassen bei allen Krankenkassen<\/span><\/h5>\t\t\t\t<\/div>\n\t\t\t\t<\/div>\n\t\t\t\t\t<\/div>\n\t\t\t\t<\/div>\n\t\t\t\t<\/div>\n\t\t<div class=\"elementor-element elementor-element-12c79aa e-con-full e-flex e-con e-parent\" data-id=\"12c79aa\" data-element_type=\"container\" data-e-type=\"container\">\n\t\t<div class=\"elementor-element elementor-element-9a3c372 e-con-full e-flex e-con e-child\" data-id=\"9a3c372\" data-element_type=\"container\" data-e-type=\"container\">\n\t\t\t\t<div class=\"elementor-element elementor-element-08782b2 elementor-widget elementor-widget-image\" data-id=\"08782b2\" data-element_type=\"widget\" data-e-type=\"widget\" data-widget_type=\"image.default\">\n\t\t\t\t<div class=\"elementor-widget-container\">\n\t\t\t\t\t\t\t\t\t\t\t\t\t\t\t<img fetchpriority=\"high\" decoding=\"async\" width=\"1024\" height=\"683\" src=\"http:\/\/podologie-phoenix.de\/wp-content\/uploads\/2025\/02\/positive-young-freelance-worker-points-calendar-demonstrates-date-finishing-project-work-dressed-fashionable-clothes-poses-desktop-1024x683.jpg\" class=\"attachment-large size-large wp-image-645\" alt=\"\" srcset=\"http:\/\/podologie-phoenix.de\/wp-content\/uploads\/2025\/02\/positive-young-freelance-worker-points-calendar-demonstrates-date-finishing-project-work-dressed-fashionable-clothes-poses-desktop-1024x683.jpg 1024w, http:\/\/podologie-phoenix.de\/wp-content\/uploads\/2025\/02\/positive-young-freelance-worker-points-calendar-demonstrates-date-finishing-project-work-dressed-fashionable-clothes-poses-desktop-300x200.jpg 300w, http:\/\/podologie-phoenix.de\/wp-content\/uploads\/2025\/02\/positive-young-freelance-worker-points-calendar-demonstrates-date-finishing-project-work-dressed-fashionable-clothes-poses-desktop-768x512.jpg 768w, http:\/\/podologie-phoenix.de\/wp-content\/uploads\/2025\/02\/positive-young-freelance-worker-points-calendar-demonstrates-date-finishing-project-work-dressed-fashionable-clothes-poses-desktop-18x12.jpg 18w\" sizes=\"(max-width: 1024px) 100vw, 1024px\" \/>\t\t\t\t\t\t\t\t\t\t\t\t\t\t\t<\/div>\n\t\t\t\t<\/div>\n\t\t<div class=\"elementor-element elementor-element-ba956e5 e-con-full e-flex e-con e-child\" data-id=\"ba956e5\" data-element_type=\"container\" data-e-type=\"container\">\n\t\t\t\t<div class=\"elementor-element elementor-element-84efa86 elementor-widget elementor-widget-heading\" data-id=\"84efa86\" data-element_type=\"widget\" data-e-type=\"widget\" data-widget_type=\"heading.default\">\n\t\t\t\t<div class=\"elementor-widget-container\">\n\t\t\t\t\t<h2 class=\"elementor-heading-title elementor-size-default\">Online-Terminbuchung<span style=\"color: var( --e-global-color-primary );font-family: var( --e-global-typography-primary-font-family ), Sans-serif;font-weight: var( --e-global-typography-primary-font-weight )\"><\/span><\/h2>\t\t\t\t<\/div>\n\t\t\t\t<\/div>\n\t\t\t\t<div class=\"elementor-element elementor-element-896b2b6 elementor-widget elementor-widget-text-editor\" data-id=\"896b2b6\" data-element_type=\"widget\" data-e-type=\"widget\" data-widget_type=\"text-editor.default\">\n\t\t\t\t<div class=\"elementor-widget-container\">\n\t\t\t\t\t\t\t\t\t<p>Buchen Sie Ihren Termin in unserer Praxis in Gr\u00fcnberg oder Gie\u00dfen bequem online \u2013 in nur wenigen Minuten.<\/p>\t\t\t\t\t\t\t\t<\/div>\n\t\t\t\t<\/div>\n\t\t\t\t<div class=\"elementor-element elementor-element-09f4de0 elementor-widget elementor-widget-button\" data-id=\"09f4de0\" data-element_type=\"widget\" data-e-type=\"widget\" data-widget_type=\"button.default\">\n\t\t\t\t<div class=\"elementor-widget-container\">\n\t\t\t\t\t\t\t\t\t<div class=\"elementor-button-wrapper\">\n\t\t\t\t\t<a class=\"elementor-button elementor-button-link elementor-size-sm\" href=\"https:\/\/podologie-phoenix.de\/en\/termin\/\">\n\t\t\t\t\t\t<span class=\"elementor-button-content-wrapper\">\n\t\t\t\t\t\t\t\t\t<span class=\"elementor-button-text\">Termin online buchen<\/span>\n\t\t\t\t\t<\/span>\n\t\t\t\t\t<\/a>\n\t\t\t\t<\/div>\n\t\t\t\t\t\t\t\t<\/div>\n\t\t\t\t<\/div>\n\t\t\t\t<\/div>\n\t\t\t\t<\/div>\n\t\t\t\t<\/div>\n\t\t<div class=\"elementor-element elementor-element-f6a2938 e-con-full e-flex e-con e-parent\" data-id=\"f6a2938\" data-element_type=\"container\" data-e-type=\"container\">\n\t\t<div class=\"elementor-element elementor-element-dbb5a2e e-con-full e-flex e-con e-child\" data-id=\"dbb5a2e\" data-element_type=\"container\" data-e-type=\"container\">\n\t\t<div class=\"elementor-element elementor-element-a668503 e-con-full e-flex e-con e-child\" data-id=\"a668503\" data-element_type=\"container\" data-e-type=\"container\">\n\t\t\t\t<div class=\"elementor-element elementor-element-0737aef elementor-widget elementor-widget-heading\" data-id=\"0737aef\" data-element_type=\"widget\" data-e-type=\"widget\" data-widget_type=\"heading.default\">\n\t\t\t\t<div class=\"elementor-widget-container\">\n\t\t\t\t\t<h2 class=\"elementor-heading-title elementor-size-default\"><h2 style=\"margin-bottom: 10px;position: relative\">\u00dcber uns<span style=\"color: var( --e-global-color-primary );font-family: var( --e-global-typography-primary-font-family ), Sans-serif;font-weight: var( --e-global-typography-primary-font-weight )\"><\/span><\/h2><\/h2>\t\t\t\t<\/div>\n\t\t\t\t<\/div>\n\t\t\t\t<div class=\"elementor-element elementor-element-c5c660c elementor-widget elementor-widget-text-editor\" data-id=\"c5c660c\" data-element_type=\"widget\" data-e-type=\"widget\" data-widget_type=\"text-editor.default\">\n\t\t\t\t<div class=\"elementor-widget-container\">\n\t\t\t\t\t\t\t\t\t<p><strong>Bei Podologie-Phoenix setzen wir uns daf\u00fcr ein, Ihnen au\u00dfergew\u00f6hnliche Pflege f\u00fcr Ihre F\u00fc\u00dfe zu bieten. Unser Team erfahrener Podolog:innen kombiniert fortschrittliche Behandlungsmethoden mit individueller Betreuung, um Ihnen zu helfen, schmerzfrei zu leben und aktiv zu bleiben. Ob Sie ein spezifisches Fu\u00dfproblem haben oder eine regelm\u00e4\u00dfige medizinische Fu\u00dfpflege suchen \u2013 wir sind f\u00fcr Sie da, um Ihre Fu\u00dfgesundheit in jedem Schritt zu unterst\u00fctzen.<\/strong><\/p>\t\t\t\t\t\t\t\t<\/div>\n\t\t\t\t<\/div>\n\t\t\t\t<\/div>\n\t\t\t\t<div class=\"elementor-element elementor-element-fec9527 elementor-widget elementor-widget-image\" data-id=\"fec9527\" data-element_type=\"widget\" data-e-type=\"widget\" data-widget_type=\"image.default\">\n\t\t\t\t<div class=\"elementor-widget-container\">\n\t\t\t\t\t\t\t\t\t\t\t\t\t\t\t<img decoding=\"async\" width=\"1024\" height=\"683\" src=\"http:\/\/podologie-phoenix.de\/wp-content\/uploads\/2024\/12\/MG_9225-Bearbeitet-1024x683.jpg\" class=\"attachment-large size-large wp-image-164\" alt=\"\" srcset=\"http:\/\/podologie-phoenix.de\/wp-content\/uploads\/2024\/12\/MG_9225-Bearbeitet-1024x683.jpg 1024w, http:\/\/podologie-phoenix.de\/wp-content\/uploads\/2024\/12\/MG_9225-Bearbeitet-300x200.jpg 300w, http:\/\/podologie-phoenix.de\/wp-content\/uploads\/2024\/12\/MG_9225-Bearbeitet-768x512.jpg 768w, http:\/\/podologie-phoenix.de\/wp-content\/uploads\/2024\/12\/MG_9225-Bearbeitet-1536x1024.jpg 1536w, http:\/\/podologie-phoenix.de\/wp-content\/uploads\/2024\/12\/MG_9225-Bearbeitet-2048x1365.jpg 2048w\" sizes=\"(max-width: 1024px) 100vw, 1024px\" \/>\t\t\t\t\t\t\t\t\t\t\t\t\t\t\t<\/div>\n\t\t\t\t<\/div>\n\t\t\t\t<\/div>\n\t\t\t\t<\/div>\n\t\t<section class=\"elementor-element elementor-element-04b81aa e-con-full e-flex e-con e-parent\" data-id=\"04b81aa\" data-element_type=\"container\" data-e-type=\"container\" data-settings=\"{&quot;animation&quot;:&quot;none&quot;}\">\n\t\t<div class=\"elementor-element elementor-element-997664f e-con-full e-grid e-con e-child\" data-id=\"997664f\" data-element_type=\"container\" data-e-type=\"container\" data-settings=\"{&quot;animation&quot;:&quot;none&quot;}\">\n\t\t<div class=\"elementor-element elementor-element-9476d0d e-con-full e-flex e-con e-child\" data-id=\"9476d0d\" data-element_type=\"container\" data-e-type=\"container\">\n\t\t\t\t<div class=\"elementor-element elementor-element-65014d5 elementor-widget elementor-widget-html\" data-id=\"65014d5\" data-element_type=\"widget\" data-e-type=\"widget\" data-widget_type=\"html.default\">\n\t\t\t\t<div class=\"elementor-widget-container\">\n\t\t\t\t\t<section class=\"services-section\">\r\n  <h2>Unsere podologischen Leistungen<\/h2>\r\n\r\n  <div class=\"services-grid\">\r\n    <a href=\"https:\/\/podologie-phoenix.de\/en\/eingerollte-naegel\/\" class=\"service-item\">\r\n      <div class=\"service-icon\">\ud83e\uddb6<\/div>\r\n      <div class=\"service-title\">Eingerollte N\u00e4gel<\/div>\r\n    <\/a>\r\n\r\n    <a href=\"https:\/\/podologie-phoenix.de\/en\/eingewachsene-naegel\/\" class=\"service-item\">\r\n      <div class=\"service-icon\">\ud83e\uddb6<\/div>\r\n      <div class=\"service-title\">Eingewachsene N\u00e4gel<\/div>\r\n    <\/a>\r\n\r\n    <a href=\"https:\/\/podologie-phoenix.de\/en\/hornhaut\/\" class=\"service-item\">\r\n      <div class=\"service-icon\">\ud83e\uddb6<\/div>\r\n      <div class=\"service-title\">Hornhaut<\/div>\r\n    <\/a>\r\n\r\n    <a href=\"https:\/\/podologie-phoenix.de\/en\/huehneraugen-clavi\/\" class=\"service-item\">\r\n      <div class=\"service-icon\">\ud83e\uddb6<\/div>\r\n      <div class=\"service-title\">H\u00fchneraugen (Clavi)<\/div>\r\n    <\/a>\r\n\r\n    <a href=\"https:\/\/podologie-phoenix.de\/en\/hyperkeratosenbehandlungen\/\" class=\"service-item\">\r\n      <div class=\"service-icon\">\ud83e\uddb6<\/div>\r\n      <div class=\"service-title\">Hyperkeratosenbehandlungen<\/div>\r\n    <\/a>\r\n\r\n    <a href=\"https:\/\/podologie-phoenix.de\/en\/nagelpilz-nagelmykosen\/\" class=\"service-item\">\r\n      <div class=\"service-icon\">\ud83e\uddb6<\/div>\r\n      <div class=\"service-title\">Nagelpilz (Nagelmykosen)<\/div>\r\n    <\/a>\r\n\r\n    <a href=\"https:\/\/podologie-phoenix.de\/en\/orthosentechnik\/\" class=\"service-item\">\r\n      <div class=\"service-icon\">\ud83e\uddb6<\/div>\r\n      <div class=\"service-title\">Orthosentechnik<\/div>\r\n    <\/a>\r\n\r\n    <a href=\"https:\/\/podologie-phoenix.de\/en\/richtiges-schneiden-der-naegel\/\" class=\"service-item\">\r\n      <div class=\"service-icon\">\ud83e\uddb6<\/div>\r\n      <div class=\"service-title\">Richtiges Schneiden der N\u00e4gel<\/div>\r\n    <\/a>\r\n\r\n    <a href=\"https:\/\/podologie-phoenix.de\/en\/schwielen\/\" class=\"service-item\">\r\n      <div class=\"service-icon\">\ud83e\uddb6<\/div>\r\n      <div class=\"service-title\">Schwielen<\/div>\r\n    <\/a>\r\n\r\n    <a href=\"https:\/\/podologie-phoenix.de\/en\/spangenbehandlung\/\" class=\"service-item\">\r\n      <div class=\"service-icon\">\ud83e\uddb6<\/div>\r\n      <div class=\"service-title\">Spangenbehandlung<\/div>\r\n    <\/a>\r\n\r\n    <a href=\"https:\/\/podologie-phoenix.de\/en\/verdickte-naegel\/\" class=\"service-item\">\r\n      <div class=\"service-icon\">\ud83e\uddb6<\/div>\r\n      <div class=\"service-title\">Verdickte N\u00e4gel<\/div>\r\n    <\/a>\r\n\r\n    <a href=\"https:\/\/podologie-phoenix.de\/en\/warzen-verrucae\/\" class=\"service-item\">\r\n      <div class=\"service-icon\">\ud83e\uddb6<\/div>\r\n      <div class=\"service-title\">Warzen (Verrucae)<\/div>\r\n    <\/a>\r\n  <\/div>\r\n<\/section>\r\n\t\t\t\t<\/div>\n\t\t\t\t<\/div>\n\t\t\t\t<\/div>\n\t\t\t\t<\/div>\n\t\t\t\t<\/section>\n\t\t<div class=\"elementor-element elementor-element-7ff7767 e-con-full e-flex e-con e-parent\" data-id=\"7ff7767\" data-element_type=\"container\" data-e-type=\"container\">\n\t\t\t\t<div class=\"elementor-element elementor-element-1b6fe6e elementor-widget__width-initial elementor-widget elementor-widget-heading\" data-id=\"1b6fe6e\" data-element_type=\"widget\" data-e-type=\"widget\" data-widget_type=\"heading.default\">\n\t\t\t\t<div class=\"elementor-widget-container\">\n\t\t\t\t\t<h2 class=\"elementor-heading-title elementor-size-default\"><h2 style=\"margin: 0\">Wir haben die Zulassung aller Krankenkassen<\/h1><\/h2>\t\t\t\t<\/div>\n\t\t\t\t<\/div>\n\t\t<div class=\"elementor-element elementor-element-97f01a3 e-con-full e-grid e-con e-child\" data-id=\"97f01a3\" data-element_type=\"container\" data-e-type=\"container\">\n\t\t\t\t<div class=\"elementor-element elementor-element-a6bd096 elementor-widget elementor-widget-image\" data-id=\"a6bd096\" data-element_type=\"widget\" data-e-type=\"widget\" data-widget_type=\"image.default\">\n\t\t\t\t<div class=\"elementor-widget-container\">\n\t\t\t\t\t\t\t\t\t\t\t\t\t\t\t\t<a href=\"https:\/\/www.zulassung-heilmittel.de\/\" target=\"_blank\" rel=\"noopener\">\n\t\t\t\t\t\t\t<img decoding=\"async\" width=\"130\" height=\"100\" src=\"http:\/\/podologie-phoenix.de\/wp-content\/uploads\/2024\/12\/image-1.png\" class=\"attachment-large size-large wp-image-114\" alt=\"\" \/>\t\t\t\t\t\t\t\t<\/a>\n\t\t\t\t\t\t\t\t\t\t\t\t\t\t\t<\/div>\n\t\t\t\t<\/div>\n\t\t\t\t<div class=\"elementor-element elementor-element-8b031af elementor-widget elementor-widget-image\" data-id=\"8b031af\" data-element_type=\"widget\" data-e-type=\"widget\" data-widget_type=\"image.default\">\n\t\t\t\t<div class=\"elementor-widget-container\">\n\t\t\t\t\t\t\t\t\t\t\t\t\t\t\t\t<a href=\"https:\/\/www.podo-deutschland.de\/\" target=\"_blank\" rel=\"noopener\">\n\t\t\t\t\t\t\t<img loading=\"lazy\" decoding=\"async\" width=\"508\" height=\"144\" src=\"http:\/\/podologie-phoenix.de\/wp-content\/uploads\/2024\/12\/logo-1-1.png\" class=\"attachment-full size-full wp-image-228\" alt=\"\" srcset=\"http:\/\/podologie-phoenix.de\/wp-content\/uploads\/2024\/12\/logo-1-1.png 508w, http:\/\/podologie-phoenix.de\/wp-content\/uploads\/2024\/12\/logo-1-1-300x85.png 300w, http:\/\/podologie-phoenix.de\/wp-content\/uploads\/2024\/12\/elementor\/thumbs\/logo-1-1-qz02hdyysuxykbls4c9gvnygpdhavyy76fnd7dpsvc.png 350w\" sizes=\"(max-width: 508px) 100vw, 508px\" \/>\t\t\t\t\t\t\t\t<\/a>\n\t\t\t\t\t\t\t\t\t\t\t\t\t\t\t<\/div>\n\t\t\t\t<\/div>\n\t\t\t\t<\/div>\n\t\t\t\t<div class=\"elementor-element elementor-element-451cf07 elementor-widget__width-initial elementor-widget elementor-widget-heading\" data-id=\"451cf07\" data-element_type=\"widget\" data-e-type=\"widget\" data-widget_type=\"heading.default\">\n\t\t\t\t<div class=\"elementor-widget-container\">\n\t\t\t\t\t<h2 class=\"elementor-heading-title elementor-size-default\">Unsere Behandlungen sind bei allen gesetzlichen Krankenkassen zugelassen \u2013 fragen Sie uns nach den genauen Voraussetzungen.<\/h2>\t\t\t\t<\/div>\n\t\t\t\t<\/div>\n\t\t\t\t<\/div>\n\t\t<div class=\"elementor-element elementor-element-669dc84 e-flex e-con-boxed e-con e-parent\" data-id=\"669dc84\" data-element_type=\"container\" data-e-type=\"container\">\n\t\t\t\t\t<div class=\"e-con-inner\">\n\t\t<div class=\"elementor-element elementor-element-2af7684 e-con-full e-flex e-con e-child\" data-id=\"2af7684\" data-element_type=\"container\" data-e-type=\"container\">\n\t\t\t\t<div class=\"elementor-element elementor-element-bc05b55 elementor-widget elementor-widget-heading\" data-id=\"bc05b55\" data-element_type=\"widget\" data-e-type=\"widget\" data-widget_type=\"heading.default\">\n\t\t\t\t<div class=\"elementor-widget-container\">\n\t\t\t\t\t<h5 class=\"elementor-heading-title elementor-size-default\"><a href=\"https:\/\/podologie-phoenix.de\/en\/impressum\/\">Impressum<\/a><\/h5>\t\t\t\t<\/div>\n\t\t\t\t<\/div>\n\t\t\t\t<\/div>\n\t\t<div class=\"elementor-element elementor-element-be834d9 e-con-full e-flex e-con e-child\" data-id=\"be834d9\" data-element_type=\"container\" data-e-type=\"container\">\n\t\t\t\t<div class=\"elementor-element elementor-element-d05df23 elementor-widget elementor-widget-heading\" data-id=\"d05df23\" data-element_type=\"widget\" data-e-type=\"widget\" data-widget_type=\"heading.default\">\n\t\t\t\t<div class=\"elementor-widget-container\">\n\t\t\t\t\t<h5 class=\"elementor-heading-title elementor-size-default\"><a href=\"https:\/\/podologie-phoenix.de\/en\/datenschutz\/\">Datenschutz<\/a><\/h5>\t\t\t\t<\/div>\n\t\t\t\t<\/div>\n\t\t\t\t<\/div>\n\t\t<div class=\"elementor-element elementor-element-7580a1b e-con-full e-flex e-con e-child\" data-id=\"7580a1b\" data-element_type=\"container\" data-e-type=\"container\">\n\t\t\t\t<div class=\"elementor-element elementor-element-a023c3a elementor-widget elementor-widget-heading\" data-id=\"a023c3a\" data-element_type=\"widget\" data-e-type=\"widget\" data-widget_type=\"heading.default\">\n\t\t\t\t<div class=\"elementor-widget-container\">\n\t\t\t\t\t<h5 class=\"elementor-heading-title elementor-size-default\"><a href=\"https:\/\/podologie-phoenix.de\/en\/cookies-richtlinie\/\">Cookies-Richtlinie<\/a><\/h5>\t\t\t\t<\/div>\n\t\t\t\t<\/div>\n\t\t\t\t<\/div>\n\t\t\t\t\t<\/div>\n\t\t\t\t<\/div>\n\t\t\t\t<\/div>","protected":false},"excerpt":{"rendered":"<p>Phoenix Podologie \u2013 Podologische Praxis in Gr\u00fcnberg &amp; Gie\u00dfen Rosengasse 16-2235305 Gr\u00fcnberg Kropbacher Weg 2035398 Gie\u00dfen Willkommen bei Phoenix Podologie \u2013 Ihrer Praxis f\u00fcr medizinische Fu\u00dfpflege in Gr\u00fcnberg und Gie\u00dfen. Wir behandeln eingewachsene und eingerollte N\u00e4gel, Hornhaut, H\u00fchneraugen, Nagelpilz und viele weitere Fu\u00dfprobleme zugelassen bei allen Krankenkassen Online-Terminbuchung Buchen Sie Ihren Termin in unserer Praxis [&hellip;]<\/p>\n","protected":false},"author":1,"featured_media":0,"parent":0,"menu_order":0,"comment_status":"closed","ping_status":"closed","template":"elementor_header_footer","meta":{"footnotes":""},"class_list":["post-25","page","type-page","status-publish","hentry"],"_links":{"self":[{"href":"https:\/\/podologie-phoenix.de\/en\/wp-json\/wp\/v2\/pages\/25","targetHints":{"allow":["GET"]}}],"collection":[{"href":"https:\/\/podologie-phoenix.de\/en\/wp-json\/wp\/v2\/pages"}],"about":[{"href":"https:\/\/podologie-phoenix.de\/en\/wp-json\/wp\/v2\/types\/page"}],"author":[{"embeddable":true,"href":"https:\/\/podologie-phoenix.de\/en\/wp-json\/wp\/v2\/users\/1"}],"replies":[{"embeddable":true,"href":"https:\/\/podologie-phoenix.de\/en\/wp-json\/wp\/v2\/comments?post=25"}],"version-history":[{"count":211,"href":"https:\/\/podologie-phoenix.de\/en\/wp-json\/wp\/v2\/pages\/25\/revisions"}],"predecessor-version":[{"id":1126,"href":"https:\/\/podologie-phoenix.de\/en\/wp-json\/wp\/v2\/pages\/25\/revisions\/1126"}],"wp:attachment":[{"href":"https:\/\/podologie-phoenix.de\/en\/wp-json\/wp\/v2\/media?parent=25"}],"curies":[{"name":"wp","href":"https:\/\/api.w.org\/{rel}","templated":true}]}}