{"id":254,"date":"2024-12-26T19:47:37","date_gmt":"2024-12-26T19:47:37","guid":{"rendered":"https:\/\/podologie-phoenix.de\/?page_id=254"},"modified":"2025-11-18T13:13:45","modified_gmt":"2025-11-18T13:13:45","slug":"termin","status":"publish","type":"page","link":"https:\/\/podologie-phoenix.de\/en\/termin\/","title":{"rendered":"Termin"},"content":{"rendered":"<div data-elementor-type=\"wp-page\" data-elementor-id=\"254\" class=\"elementor elementor-254\">\n\t\t\t\t<div class=\"elementor-element elementor-element-93c18ea e-con-full e-flex e-con e-parent\" data-id=\"93c18ea\" data-element_type=\"container\" data-e-type=\"container\" data-settings=\"{&quot;background_background&quot;:&quot;classic&quot;}\">\n\t\t\t\t<div class=\"elementor-element elementor-element-146ef10 elementor-widget__width-inherit elementor-widget elementor-widget-heading\" data-id=\"146ef10\" data-element_type=\"widget\" data-e-type=\"widget\" data-widget_type=\"heading.default\">\n\t\t\t\t<div class=\"elementor-widget-container\">\n\t\t\t\t\t<h3 class=\"elementor-heading-title elementor-size-default\"><blockquote><p><strong>Online-Termin buchen<\/strong><span style=\"color: var( --e-global-color-primary );font-family: var( --e-global-typography-primary-font-family ), Sans-serif;font-weight: var( --e-global-typography-primary-font-weight );text-align: var(--text-align)\"><\/span><\/p><\/blockquote><blockquote><p style=\"font-size: 18px\">\u00dcber unser Online-Buchungssystem k\u00f6nnen Sie Ihren Termin in wenigen Schritten vereinbaren. W\u00e4hlen Sie einfach den gew\u00fcnschten Praxisstandort, Datum und Uhrzeit \u2013 Sie erhalten im Anschluss eine Best\u00e4tigung per E-Mail.<span style=\"font-family: var( --e-global-typography-primary-font-family ), Sans-serif;font-size: 24px;font-weight: var( --e-global-typography-primary-font-weight )\"><\/span><\/p><\/blockquote><\/h3>\t\t\t\t<\/div>\n\t\t\t\t<\/div>\n\t\t\t\t<\/div>\n\t\t<div class=\"elementor-element elementor-element-37ff00b e-grid e-con-full e-con e-parent\" data-id=\"37ff00b\" data-element_type=\"container\" data-e-type=\"container\">\n\t\t<div class=\"elementor-element elementor-element-962c776 e-flex e-con-boxed e-con e-child\" data-id=\"962c776\" data-element_type=\"container\" data-e-type=\"container\" data-settings=\"{&quot;background_background&quot;:&quot;classic&quot;}\">\n\t\t\t\t\t<div class=\"e-con-inner\">\n\t\t\t\t<div class=\"elementor-element elementor-element-69903ad elementor-widget__width-inherit elementor-widget elementor-widget-heading\" data-id=\"69903ad\" data-element_type=\"widget\" data-e-type=\"widget\" data-widget_type=\"heading.default\">\n\t\t\t\t<div class=\"elementor-widget-container\">\n\t\t\t\t\t<h2 class=\"elementor-heading-title elementor-size-default\"><b>Rosengasse 16-22<br><\/b>\n<b>35305 Gr\u00fcnberg<\/b><\/h2>\t\t\t\t<\/div>\n\t\t\t\t<\/div>\n\t\t\t\t<div class=\"elementor-element elementor-element-75e8d27 elementor-widget elementor-widget-button\" data-id=\"75e8d27\" data-element_type=\"widget\" data-e-type=\"widget\" data-widget_type=\"button.default\">\n\t\t\t\t<div class=\"elementor-widget-container\">\n\t\t\t\t\t\t\t\t\t<div class=\"elementor-button-wrapper\">\n\t\t\t\t\t<a class=\"elementor-button elementor-button-link elementor-size-sm\" href=\"https:\/\/podologie-phoenix.de\/en\/gruenberg\/\">\n\t\t\t\t\t\t<span class=\"elementor-button-content-wrapper\">\n\t\t\t\t\t\t\t\t\t<span class=\"elementor-button-text\">Termin in Gr\u00fcnberg buchen<\/span>\n\t\t\t\t\t<\/span>\n\t\t\t\t\t<\/a>\n\t\t\t\t<\/div>\n\t\t\t\t\t\t\t\t<\/div>\n\t\t\t\t<\/div>\n\t\t\t\t\t<\/div>\n\t\t\t\t<\/div>\n\t\t<div class=\"elementor-element elementor-element-6fd0c1d e-flex e-con-boxed e-con e-child\" data-id=\"6fd0c1d\" data-element_type=\"container\" data-e-type=\"container\" data-settings=\"{&quot;background_background&quot;:&quot;classic&quot;}\">\n\t\t\t\t\t<div class=\"e-con-inner\">\n\t\t\t\t<div class=\"elementor-element elementor-element-0934699 elementor-widget elementor-widget-heading\" data-id=\"0934699\" data-element_type=\"widget\" data-e-type=\"widget\" data-widget_type=\"heading.default\">\n\t\t\t\t<div class=\"elementor-widget-container\">\n\t\t\t\t\t<h2 class=\"elementor-heading-title elementor-size-default\"><b>Kropbacher weg 20<br><\/b>\n<b>35398 Gie\u00dfen<\/b><\/h2>\t\t\t\t<\/div>\n\t\t\t\t<\/div>\n\t\t\t\t<div class=\"elementor-element elementor-element-0dd1475 elementor-widget elementor-widget-button\" data-id=\"0dd1475\" data-element_type=\"widget\" data-e-type=\"widget\" data-widget_type=\"button.default\">\n\t\t\t\t<div class=\"elementor-widget-container\">\n\t\t\t\t\t\t\t\t\t<div class=\"elementor-button-wrapper\">\n\t\t\t\t\t<a class=\"elementor-button elementor-button-link elementor-size-sm\" href=\"https:\/\/podologie-phoenix.de\/en\/giessen\/\">\n\t\t\t\t\t\t<span class=\"elementor-button-content-wrapper\">\n\t\t\t\t\t\t\t\t\t<span class=\"elementor-button-text\">Termin in Gie\u00dfen buchen<\/span>\n\t\t\t\t\t<\/span>\n\t\t\t\t\t<\/a>\n\t\t\t\t<\/div>\n\t\t\t\t\t\t\t\t<\/div>\n\t\t\t\t<\/div>\n\t\t\t\t\t<\/div>\n\t\t\t\t<\/div>\n\t\t\t\t<\/div>\n\t\t\t\t<\/div>","protected":false},"excerpt":{"rendered":"<p>Online-Termin buchen \u00dcber unser Online-Buchungssystem k\u00f6nnen Sie Ihren Termin in wenigen Schritten vereinbaren. W\u00e4hlen Sie einfach den gew\u00fcnschten Praxisstandort, Datum und Uhrzeit \u2013 Sie erhalten im Anschluss eine Best\u00e4tigung per E-Mail. Rosengasse 16-22 35305 Gr\u00fcnberg Termin in Gr\u00fcnberg buchen Kropbacher weg 20 35398 Gie\u00dfen Termin in Gie\u00dfen buchen<\/p>","protected":false},"author":1,"featured_media":0,"parent":0,"menu_order":0,"comment_status":"closed","ping_status":"closed","template":"elementor_header_footer","meta":{"footnotes":""},"class_list":["post-254","page","type-page","status-publish","hentry"],"_links":{"self":[{"href":"https:\/\/podologie-phoenix.de\/en\/wp-json\/wp\/v2\/pages\/254","targetHints":{"allow":["GET"]}}],"collection":[{"href":"https:\/\/podologie-phoenix.de\/en\/wp-json\/wp\/v2\/pages"}],"about":[{"href":"https:\/\/podologie-phoenix.de\/en\/wp-json\/wp\/v2\/types\/page"}],"author":[{"embeddable":true,"href":"https:\/\/podologie-phoenix.de\/en\/wp-json\/wp\/v2\/users\/1"}],"replies":[{"embeddable":true,"href":"https:\/\/podologie-phoenix.de\/en\/wp-json\/wp\/v2\/comments?post=254"}],"version-history":[{"count":83,"href":"https:\/\/podologie-phoenix.de\/en\/wp-json\/wp\/v2\/pages\/254\/revisions"}],"predecessor-version":[{"id":1141,"href":"https:\/\/podologie-phoenix.de\/en\/wp-json\/wp\/v2\/pages\/254\/revisions\/1141"}],"wp:attachment":[{"href":"https:\/\/podologie-phoenix.de\/en\/wp-json\/wp\/v2\/media?parent=254"}],"curies":[{"name":"wp","href":"https:\/\/api.w.org\/{rel}","templated":true}]}}