{"id":610,"date":"2025-02-11T06:55:47","date_gmt":"2025-02-11T06:55:47","guid":{"rendered":"https:\/\/podologie-phoenix.de\/?page_id=610"},"modified":"2025-11-18T13:12:17","modified_gmt":"2025-11-18T13:12:17","slug":"giessen","status":"publish","type":"page","link":"https:\/\/podologie-phoenix.de\/en\/giessen\/","title":{"rendered":"Gie\u00dfen"},"content":{"rendered":"<div data-elementor-type=\"wp-page\" data-elementor-id=\"610\" class=\"elementor elementor-610\">\n\t\t\t\t<div class=\"elementor-element elementor-element-ce00e71 e-flex e-con-boxed e-con e-parent\" data-id=\"ce00e71\" data-element_type=\"container\" data-e-type=\"container\" data-settings=\"{&quot;background_background&quot;:&quot;classic&quot;}\">\n\t\t\t\t\t<div class=\"e-con-inner\">\n\t\t\t\t<div class=\"elementor-element elementor-element-9ebfa07 elementor-widget elementor-widget-heading\" data-id=\"9ebfa07\" data-element_type=\"widget\" data-e-type=\"widget\" data-widget_type=\"heading.default\">\n\t\t\t\t<div class=\"elementor-widget-container\">\n\t\t\t\t\t<h2 class=\"elementor-heading-title elementor-size-default\">Arten der Behandlungen, die wir anbieten<\/h2>\t\t\t\t<\/div>\n\t\t\t\t<\/div>\n\t\t<div class=\"elementor-element elementor-element-74eb064 e-grid e-con-full e-con e-child\" data-id=\"74eb064\" data-element_type=\"container\" data-e-type=\"container\">\n\t\t<div class=\"elementor-element elementor-element-7733107 e-con-full e-flex e-con e-child\" data-id=\"7733107\" data-element_type=\"container\" data-e-type=\"container\">\n\t\t\t\t<div class=\"elementor-element elementor-element-18ac4d4 elementor-widget elementor-widget-image\" data-id=\"18ac4d4\" data-element_type=\"widget\" data-e-type=\"widget\" data-widget_type=\"image.default\">\n\t\t\t\t<div class=\"elementor-widget-container\">\n\t\t\t\t\t\t\t\t\t\t\t\t\t\t\t<img fetchpriority=\"high\" decoding=\"async\" width=\"210\" height=\"300\" src=\"https:\/\/podologie-phoenix.de\/wp-content\/uploads\/2025\/02\/WhatsApp-Image-2025-02-09-at-20.54.15-210x300.jpeg\" class=\"attachment-medium size-medium wp-image-538\" alt=\"\" srcset=\"https:\/\/podologie-phoenix.de\/wp-content\/uploads\/2025\/02\/WhatsApp-Image-2025-02-09-at-20.54.15-210x300.jpeg 210w, https:\/\/podologie-phoenix.de\/wp-content\/uploads\/2025\/02\/WhatsApp-Image-2025-02-09-at-20.54.15.jpeg 709w\" sizes=\"(max-width: 210px) 100vw, 210px\" \/>\t\t\t\t\t\t\t\t\t\t\t\t\t\t\t<\/div>\n\t\t\t\t<\/div>\n\t\t\t\t<div class=\"elementor-element elementor-element-0ec0b12 elementor-widget elementor-widget-heading\" data-id=\"0ec0b12\" data-element_type=\"widget\" data-e-type=\"widget\" data-widget_type=\"heading.default\">\n\t\t\t\t<div class=\"elementor-widget-container\">\n\t\t\t\t\t<h5 class=\"elementor-heading-title elementor-size-default\"><br>Mit Heilmittelverordnung oder Privatrezept<\/h5>\t\t\t\t<\/div>\n\t\t\t\t<\/div>\n\t\t\t\t<div class=\"elementor-element elementor-element-bb91aa8 elementor-align-center elementor-widget elementor-widget-button\" data-id=\"bb91aa8\" data-element_type=\"widget\" data-e-type=\"widget\" data-widget_type=\"button.default\">\n\t\t\t\t<div class=\"elementor-widget-container\">\n\t\t\t\t\t\t\t\t\t<div class=\"elementor-button-wrapper\">\n\t\t\t\t\t<a class=\"elementor-button elementor-button-link elementor-size-sm\" href=\"#\" id=\"button-1\">\n\t\t\t\t\t\t<span class=\"elementor-button-content-wrapper\">\n\t\t\t\t\t\t\t\t\t<span class=\"elementor-button-text\">Jetzt buchen<\/span>\n\t\t\t\t\t<\/span>\n\t\t\t\t\t<\/a>\n\t\t\t\t<\/div>\n\t\t\t\t\t\t\t\t<\/div>\n\t\t\t\t<\/div>\n\t\t\t\t<\/div>\n\t\t<div class=\"elementor-element elementor-element-83a9bde e-con-full e-flex e-con e-child\" data-id=\"83a9bde\" data-element_type=\"container\" data-e-type=\"container\">\n\t\t\t\t<div class=\"elementor-element elementor-element-5899145 elementor-widget elementor-widget-image\" data-id=\"5899145\" data-element_type=\"widget\" data-e-type=\"widget\" data-widget_type=\"image.default\">\n\t\t\t\t<div class=\"elementor-widget-container\">\n\t\t\t\t\t\t\t\t\t\t\t\t\t\t\t<img decoding=\"async\" width=\"300\" height=\"300\" src=\"https:\/\/podologie-phoenix.de\/wp-content\/uploads\/2025\/11\/footprints-7355586_1920-300x300.png\" class=\"attachment-medium size-medium wp-image-987\" alt=\"\" srcset=\"https:\/\/podologie-phoenix.de\/wp-content\/uploads\/2025\/11\/footprints-7355586_1920-300x300.png 300w, https:\/\/podologie-phoenix.de\/wp-content\/uploads\/2025\/11\/footprints-7355586_1920-1024x1024.png 1024w, https:\/\/podologie-phoenix.de\/wp-content\/uploads\/2025\/11\/footprints-7355586_1920-150x150.png 150w, https:\/\/podologie-phoenix.de\/wp-content\/uploads\/2025\/11\/footprints-7355586_1920-768x768.png 768w, https:\/\/podologie-phoenix.de\/wp-content\/uploads\/2025\/11\/footprints-7355586_1920-1536x1536.png 1536w, https:\/\/podologie-phoenix.de\/wp-content\/uploads\/2025\/11\/footprints-7355586_1920-12x12.png 12w, https:\/\/podologie-phoenix.de\/wp-content\/uploads\/2025\/11\/footprints-7355586_1920.png 1920w\" sizes=\"(max-width: 300px) 100vw, 300px\" \/>\t\t\t\t\t\t\t\t\t\t\t\t\t\t\t<\/div>\n\t\t\t\t<\/div>\n\t\t\t\t<div class=\"elementor-element elementor-element-41c769e elementor-widget elementor-widget-heading\" data-id=\"41c769e\" data-element_type=\"widget\" data-e-type=\"widget\" data-widget_type=\"heading.default\">\n\t\t\t\t<div class=\"elementor-widget-container\">\n\t\t\t\t\t<h5 class=\"elementor-heading-title elementor-size-default\">Podologische Komplexbehandlung\n<br>Spezialisierte Therapie f\u00fcr Fu\u00dfdeformit\u00e4ten,<br> Druckstellen und Nagelprobleme.<\/h5>\t\t\t\t<\/div>\n\t\t\t\t<\/div>\n\t\t\t\t<div class=\"elementor-element elementor-element-2b1849a elementor-align-center elementor-widget elementor-widget-button\" data-id=\"2b1849a\" data-element_type=\"widget\" data-e-type=\"widget\" data-widget_type=\"button.default\">\n\t\t\t\t<div class=\"elementor-widget-container\">\n\t\t\t\t\t\t\t\t\t<div class=\"elementor-button-wrapper\">\n\t\t\t\t\t<a class=\"elementor-button elementor-button-link elementor-size-sm\" href=\"#\" id=\"button-2\">\n\t\t\t\t\t\t<span class=\"elementor-button-content-wrapper\">\n\t\t\t\t\t\t\t\t\t<span class=\"elementor-button-text\">Jetzt buchen<\/span>\n\t\t\t\t\t<\/span>\n\t\t\t\t\t<\/a>\n\t\t\t\t<\/div>\n\t\t\t\t\t\t\t\t<\/div>\n\t\t\t\t<\/div>\n\t\t\t\t<\/div>\n\t\t\t\t<\/div>\n\t\t\t\t\t<\/div>\n\t\t\t\t<\/div>\n\t\t<div class=\"elementor-element elementor-element-d78240c e-flex e-con-boxed e-con e-parent\" data-id=\"d78240c\" data-element_type=\"container\" data-e-type=\"container\" id=\"section-a\">\n\t\t\t\t\t<div class=\"e-con-inner\">\n\t\t\t\t<div class=\"elementor-element elementor-element-354127c elementor-widget__width-initial elementor-widget elementor-widget-text-editor\" data-id=\"354127c\" data-element_type=\"widget\" data-e-type=\"widget\" data-widget_type=\"text-editor.default\">\n\t\t\t\t<div class=\"elementor-widget-container\">\n\t\t\t\t\t\t\t\t\t\n<p>\u00a0<\/p>\n\n<p>\u00a0<\/p>\n\t\t\t\t\t\t\t\t<\/div>\n\t\t\t\t<\/div>\n\t\t\t\t\t<\/div>\n\t\t\t\t<\/div>\n\t\t<div class=\"elementor-element elementor-element-0156be0 e-flex e-con-boxed e-con e-parent\" data-id=\"0156be0\" data-element_type=\"container\" data-e-type=\"container\" id=\"section-b\">\n\t\t\t\t\t<div class=\"e-con-inner\">\n\t\t\t\t<div class=\"elementor-element elementor-element-fb43c6e elementor-widget__width-initial elementor-widget elementor-widget-text-editor\" data-id=\"fb43c6e\" data-element_type=\"widget\" data-e-type=\"widget\" data-widget_type=\"text-editor.default\">\n\t\t\t\t<div class=\"elementor-widget-container\">\n\t\t\t\t\t\t\t\t\t\n<p>&nbsp;<\/p>\n\n<p>&nbsp;<\/p>\n\n<p>&nbsp;<\/p>\t\t\t\t\t\t\t\t<\/div>\n\t\t\t\t<\/div>\n\t\t\t\t\t<\/div>\n\t\t\t\t<\/div>\n\t\t\t\t<\/div>","protected":false},"excerpt":{"rendered":"<p>Arten der Behandlungen, die wir anbieten Mit Heilmittelverordnung oder Privatrezept Jetzt buchen Podologische Komplexbehandlung Spezialisierte Therapie f\u00fcr Fu\u00dfdeformit\u00e4ten, Druckstellen und Nagelprobleme. Jetzt buchen \u00a0 \u00a0 &nbsp; &nbsp; &nbsp;<\/p>","protected":false},"author":1,"featured_media":0,"parent":0,"menu_order":0,"comment_status":"closed","ping_status":"closed","template":"","meta":{"footnotes":""},"class_list":["post-610","page","type-page","status-publish","hentry"],"_links":{"self":[{"href":"https:\/\/podologie-phoenix.de\/en\/wp-json\/wp\/v2\/pages\/610","targetHints":{"allow":["GET"]}}],"collection":[{"href":"https:\/\/podologie-phoenix.de\/en\/wp-json\/wp\/v2\/pages"}],"about":[{"href":"https:\/\/podologie-phoenix.de\/en\/wp-json\/wp\/v2\/types\/page"}],"author":[{"embeddable":true,"href":"https:\/\/podologie-phoenix.de\/en\/wp-json\/wp\/v2\/users\/1"}],"replies":[{"embeddable":true,"href":"https:\/\/podologie-phoenix.de\/en\/wp-json\/wp\/v2\/comments?post=610"}],"version-history":[{"count":87,"href":"https:\/\/podologie-phoenix.de\/en\/wp-json\/wp\/v2\/pages\/610\/revisions"}],"predecessor-version":[{"id":1134,"href":"https:\/\/podologie-phoenix.de\/en\/wp-json\/wp\/v2\/pages\/610\/revisions\/1134"}],"wp:attachment":[{"href":"https:\/\/podologie-phoenix.de\/en\/wp-json\/wp\/v2\/media?parent=610"}],"curies":[{"name":"wp","href":"https:\/\/api.w.org\/{rel}","templated":true}]}}